{"id":110,"date":"2020-02-23T21:19:31","date_gmt":"2020-02-23T21:19:31","guid":{"rendered":"http:\/\/185.156.219.5\/~ra30119\/?page_id=110"},"modified":"2020-02-23T21:19:31","modified_gmt":"2020-02-23T21:19:31","slug":"radio-2","status":"publish","type":"page","link":"https:\/\/mkom.es\/?page_id=110","title":{"rendered":"Cableado estructurado"},"content":{"rendered":"<p>[et_pb_section fb_built=\u00bb1&#8243; admin_label=\u00bbHeader\u00bb _builder_version=\u00bb4.0.6&#8243; background_color=\u00bb#f7f7f7&#8243; use_background_color_gradient=\u00bbon\u00bb background_color_gradient_start=\u00bb#f7f7f7&#8243; background_color_gradient_end=\u00bb#ffffff\u00bb background_color_gradient_direction=\u00bb90deg\u00bb background_color_gradient_start_position=\u00bb66%\u00bb background_color_gradient_end_position=\u00bb0%\u00bb custom_margin=\u00bb|||||\u00bb custom_padding=\u00bb||0px|||\u00bb background_last_edited=\u00bbon|tablet\u00bb use_background_color_gradient_tablet=\u00bbon\u00bb background_color_gradient_start_position_tablet=\u00bb100%\u00bb][et_pb_row use_custom_gutter=\u00bbon\u00bb gutter_width=\u00bb1&#8243; _builder_version=\u00bb4.0.6&#8243; width=\u00bb100%\u00bb max_width=\u00bb2560px\u00bb custom_margin=\u00bb-79px||||false|false\u00bb][et_pb_column type=\u00bb4_4&#8243; _builder_version=\u00bb4.0.6&#8243;][et_pb_slider use_bg_overlay=\u00bboff\u00bb use_text_overlay=\u00bbon\u00bb _builder_version=\u00bb4.0.6&#8243; header_text_color=\u00bb#ffffff\u00bb background_enable_image=\u00bboff\u00bb custom_button=\u00bbon\u00bb button_border_width=\u00bb0px\u00bb button_use_icon=\u00bboff\u00bb auto=\u00bbon\u00bb auto_ignore_hover=\u00bbon\u00bb header_text_shadow_style=\u00bbpreset2&#8243; header_text_shadow_color=\u00bb#0c71c3&#8243;][et_pb_slide heading=\u00bbCableado estructurado\u00bb _builder_version=\u00bb4.0.6&#8243; header_level=\u00bbh1&#8243; header_font=\u00bb|700|||||||\u00bb header_text_color=\u00bb#ffffff\u00bb body_font=\u00bb|700|||||||\u00bb body_text_color=\u00bb#ffffff\u00bb background_image=\u00bbhttps:\/\/mkom.es\/wp-content\/uploads\/2020\/02\/network-cables-499792_1920-1.jpg\u00bb background_enable_image=\u00bbon\u00bb header_text_shadow_style=\u00bbpreset2&#8243; header_text_shadow_color=\u00bb#0c71c3&#8243;]<\/p>\n<p>Despliegue e implantaci\u00f3n de redes ethernet<\/p>\n<p>[\/et_pb_slide][\/et_pb_slider][dsm_perspective_image _builder_version=\u00bb4.0.6&#8243;][\/dsm_perspective_image][\/et_pb_column][\/et_pb_row][et_pb_row column_structure=\u00bb2_5,3_5&#8243; use_custom_gutter=\u00bbon\u00bb custom_padding_last_edited=\u00bbon|desktop\u00bb _builder_version=\u00bb4.0.6&#8243; background_color=\u00bb#ffffff\u00bb width=\u00bb100%\u00bb max_width=\u00bb1919px\u00bb custom_margin=\u00bb|||||false\u00bb custom_padding=\u00bb|48px|56px|48px||true\u00bb custom_padding_tablet=\u00bb\u00bb custom_padding_phone=\u00bb|30px||30px||true\u00bb box_shadow_style=\u00bbpreset1&#8243; box_shadow_vertical=\u00bb34px\u00bb box_shadow_blur=\u00bb60px\u00bb box_shadow_spread=\u00bb-34px\u00bb box_shadow_color=\u00bbrgba(0,0,0,0.24)\u00bb][et_pb_column type=\u00bb2_5&#8243; _builder_version=\u00bb3.25&#8243; custom_padding=\u00bb|||\u00bb custom_padding__hover=\u00bb|||\u00bb][et_pb_blurb title=\u00bbRedes LAN \/ WLAN \/ WAN\u00bb image=\u00bbhttps:\/\/mkom.es\/wp-content\/uploads\/2020\/02\/lanicon-1.png\u00bb _builder_version=\u00bb4.0.6&#8243; header_font=\u00bb||||||||\u00bb header_text_color=\u00bb#0c71c3&#8243; header_line_height=\u00bb1.8em\u00bb body_font=\u00bb||||||||\u00bb body_line_height=\u00bb1.8em\u00bb text_orientation=\u00bbcenter\u00bb body_font_size_tablet=\u00bb\u00bb body_font_size_phone=\u00bb14px\u00bb body_font_size_last_edited=\u00bbon|desktop\u00bb header_text_shadow_style=\u00bbpreset2&#8243; header_text_shadow_color=\u00bb#000000&#8243;]<\/p>\n<p><span>Servicios de despliegue e instalaci\u00f3n de redes en cableado estructurado.<\/span><\/p>\n<p>[\/et_pb_blurb][\/et_pb_column][et_pb_column type=\u00bb3_5&#8243; _builder_version=\u00bb4.0.6&#8243;][et_pb_blurb content_max_width=\u00bb536px\u00bb _builder_version=\u00bb4.0.6&#8243; header_font=\u00bb||||||||\u00bb header_text_color=\u00bb#0c71c3&#8243; header_line_height=\u00bb1.8em\u00bb body_font=\u00bb||||||||\u00bb body_line_height=\u00bb1.8em\u00bb text_orientation=\u00bbcenter\u00bb body_font_size_tablet=\u00bb\u00bb body_font_size_phone=\u00bb14px\u00bb body_font_size_last_edited=\u00bbon|desktop\u00bb header_text_shadow_style=\u00bbpreset2&#8243; header_text_shadow_color=\u00bb#000000&#8243;]<\/p>\n<p><span><\/span><\/p>\n<p>&nbsp;<\/p>\n<p><span>Un completo sistema de cableado estructurado para infraestructuras de redes de comunicaciones, desde Cat. 5e, Cat. 6, Cat. 6A hasta Cat. 7. Cables FTP, UTP y S\/FTP.\u00a0Tambi\u00e9n llamado cableado de comunicaciones de voz y datos, es la infraestructura de conexi\u00f3n estandarizada por TIA\/EIA y por IEEE para sistemas de telefon\u00eda o redes de \u00e1rea local (LAN). Estas normativas son TIA\/EIA 568 e IEEE 802.3. A d\u00eda de hoy el cableado de categor\u00eda forma parte tambi\u00e9n del mundo audiovisual.<\/span><\/p>\n<p><span><\/span><\/p>\n<p><span><\/span><\/p>\n<p><span><\/span><\/p>\n<p><span><\/span><\/p>\n<p>&nbsp;<\/p>\n<p>[\/et_pb_blurb][\/et_pb_column][\/et_pb_row][\/et_pb_section][et_pb_section fb_built=\u00bb1&#8243; admin_label=\u00bbGallery\u00bb _builder_version=\u00bb3.23.3&#8243; background_image=\u00bbhttps:\/\/mkom.es\/wp-content\/uploads\/2020\/02\/green-energy-25-1.png\u00bb background_size=\u00bbinitial\u00bb background_last_edited=\u00bbon|desktop\u00bb background_position_tablet=\u00bbtop_center\u00bb][et_pb_row column_structure=\u00bb2_5,3_5&#8243; _builder_version=\u00bb4.0.6&#8243; custom_padding=\u00bb||||false\u00bb][et_pb_column type=\u00bb2_5&#8243; _builder_version=\u00bb3.25&#8243; custom_padding=\u00bb|||\u00bb custom_padding__hover=\u00bb|||\u00bb][et_pb_text _builder_version=\u00bb4.0.6&#8243; text_font_size=\u00bb16px\u00bb text_line_height=\u00bb1.8em\u00bb header_font=\u00bb||||||||\u00bb header_2_font=\u00bb||||||||\u00bb custom_margin=\u00bb||\u00bb locked=\u00bboff\u00bb]<\/p>\n<p style=\"text-align: center;\"><span style=\"font-size: 16px;\">Actualmente, la red de cableado de una empresa podr\u00e1 soportar la transmisi\u00f3n de voz, datos y video y cada vez con unas exigencias de velocidad y disponibilidad mayores. Es muy importante que las instalaciones de cableado estructurado sean realizadas por empresas o instaladores de telecomunicaciones autorizados, con la formaci\u00f3n sobre las normativas y t\u00e9cnicas de instalaci\u00f3n y la disposici\u00f3n de las herramientas adecuadas para la instalaci\u00f3n de cableados estructurados. Entre ellas, es imprescindible disponer de un equipo de certificaci\u00f3n de redes pues es la \u00fanica garant\u00eda que dispondr\u00e1 el cliente final conforme el cableado estructurado cumple las normativas est\u00e1ndar y por lo tanto funciona perfectamente.<\/span><span><\/span><\/p>\n<p style=\"text-align: center;\"><span><\/span><\/p>\n<p>[\/et_pb_text][\/et_pb_column][et_pb_column type=\u00bb3_5&#8243; _builder_version=\u00bb3.25&#8243; custom_padding=\u00bb|||\u00bb custom_padding__hover=\u00bb|||\u00bb][et_pb_image src=\u00bbhttps:\/\/mkom.es\/wp-content\/uploads\/2020\/02\/it-838379_1920-2.jpg\u00bb align_tablet=\u00bbcenter\u00bb align_last_edited=\u00bboff|desktop\u00bb _builder_version=\u00bb4.0.6&#8243; max_width_tablet=\u00bb400px\u00bb max_width_phone=\u00bb\u00bb max_width_last_edited=\u00bbon|desktop\u00bb custom_margin=\u00bb||\u00bb box_shadow_style=\u00bbpreset3&#8243; box_shadow_horizontal=\u00bb45px\u00bb box_shadow_vertical=\u00bb60px\u00bb box_shadow_blur=\u00bb150px\u00bb box_shadow_spread=\u00bb-15px\u00bb box_shadow_color=\u00bbrgba(0,0,0,0.74)\u00bb locked=\u00bboff\u00bb][\/et_pb_image][\/et_pb_column][\/et_pb_row][\/et_pb_section][et_pb_section fb_built=\u00bb1&#8243; admin_label=\u00bbGallery\u00bb _builder_version=\u00bb4.0.6&#8243; background_enable_image=\u00bboff\u00bb background_size=\u00bbinitial\u00bb background_last_edited=\u00bbon|desktop\u00bb background_position_tablet=\u00bbtop_center\u00bb][et_pb_row column_structure=\u00bb1_3,2_3&#8243; _builder_version=\u00bb4.0.6&#8243; custom_padding=\u00bb||||false\u00bb][et_pb_column type=\u00bb1_3&#8243; _builder_version=\u00bb3.25&#8243; custom_padding=\u00bb|||\u00bb custom_padding__hover=\u00bb|||\u00bb][et_pb_image src=\u00bbhttps:\/\/mkom.es\/wp-content\/uploads\/2020\/02\/network-2389531_1920-1.jpg\u00bb align_tablet=\u00bbcenter\u00bb align_last_edited=\u00bboff|desktop\u00bb _builder_version=\u00bb4.0.6&#8243; max_width_tablet=\u00bb400px\u00bb max_width_phone=\u00bb\u00bb max_width_last_edited=\u00bbon|desktop\u00bb custom_margin=\u00bb||\u00bb box_shadow_style=\u00bbpreset3&#8243; box_shadow_horizontal=\u00bb45px\u00bb box_shadow_vertical=\u00bb60px\u00bb box_shadow_blur=\u00bb150px\u00bb box_shadow_spread=\u00bb-15px\u00bb box_shadow_color=\u00bbrgba(0,0,0,0.74)\u00bb locked=\u00bboff\u00bb][\/et_pb_image][\/et_pb_column][et_pb_column type=\u00bb2_3&#8243; _builder_version=\u00bb4.0.6&#8243;][et_pb_text _builder_version=\u00bb4.0.6&#8243; text_font_size=\u00bb16px\u00bb text_line_height=\u00bb1.8em\u00bb header_font=\u00bb||||||||\u00bb header_2_font=\u00bb||||||||\u00bb custom_margin=\u00bb||\u00bb locked=\u00bboff\u00bb]<\/p>\n<p style=\"text-align: center;\"><span>Para afrontar con total garant\u00eda y \u00e9xito la instalaci\u00f3n de una Red Inform\u00e1tica o Red de Comunicaciones, disponemos de equipos t\u00e9cnicos para cualquier proyecto o instalaci\u00f3n en los que se tengan que cumplir requerimientos estrictos en cuanto a tiempos de desarrollo e instalaci\u00f3n.<\/span><\/p>\n<p>[\/et_pb_text][\/et_pb_column][\/et_pb_row][\/et_pb_section][et_pb_section fb_built=\u00bb1&#8243; admin_label=\u00bbCall Out\u00bb _builder_version=\u00bb3.23.3&#8243; background_color=\u00bb#f2f2f2&#8243; custom_padding=\u00bb0px||0px|||\u00bb][et_pb_row _builder_version=\u00bb3.25&#8243; custom_padding=\u00bb0px||0px|||\u00bb][et_pb_column type=\u00bb4_4&#8243; _builder_version=\u00bb3.25&#8243; custom_padding=\u00bb|||\u00bb custom_padding__hover=\u00bb|||\u00bb][dsm_typing_effect typing_effect=\u00bbConf\u00edan en nosotros\u00bb typing_loop=\u00bboff\u00bb _builder_version=\u00bb4.0.6&#8243; header_text_align=\u00bbcenter\u00bb header_text_shadow_style=\u00bbpreset2&#8243; header_text_shadow_color=\u00bb#0c71c3&#8243;][\/dsm_typing_effect][\/et_pb_column][\/et_pb_row][\/et_pb_section][et_pb_section fb_built=\u00bb1&#8243; admin_label=\u00bbBlog\u00bb _builder_version=\u00bb3.22.7&#8243; locked=\u00bboff\u00bb][et_pb_row column_structure=\u00bb1_4,1_4,1_4,1_4&#8243; _builder_version=\u00bb3.25&#8243;][et_pb_column type=\u00bb1_4&#8243; _builder_version=\u00bb3.25&#8243; custom_padding=\u00bb|||\u00bb custom_padding__hover=\u00bb|||\u00bb][et_pb_image src=\u00bbhttps:\/\/mkom.es\/wp-content\/uploads\/2020\/09\/orange-2.png\u00bb align_tablet=\u00bbcenter\u00bb align_phone=\u00bb\u00bb align_last_edited=\u00bbon|desktop\u00bb _builder_version=\u00bb4.3.4&#8243; transform_scale=\u00bb94%|94%\u00bb locked=\u00bboff\u00bb][\/et_pb_image][\/et_pb_column][et_pb_column type=\u00bb1_4&#8243; _builder_version=\u00bb3.25&#8243; custom_padding=\u00bb|||\u00bb custom_padding__hover=\u00bb|||\u00bb][et_pb_image src=\u00bbhttps:\/\/mkom.es\/wp-content\/uploads\/2020\/09\/vodafone-1.png\u00bb align_tablet=\u00bbcenter\u00bb align_phone=\u00bb\u00bb align_last_edited=\u00bbon|desktop\u00bb _builder_version=\u00bb4.3.4&#8243; transform_scale=\u00bb102%|102%\u00bb transform_translate=\u00bb-11px|20px\u00bb][\/et_pb_image][\/et_pb_column][et_pb_column type=\u00bb1_4&#8243; _builder_version=\u00bb3.25&#8243; custom_padding=\u00bb|||\u00bb custom_padding__hover=\u00bb|||\u00bb][et_pb_image src=\u00bbhttps:\/\/mkom.es\/wp-content\/uploads\/2020\/09\/masmovil-1.png\u00bb align_tablet=\u00bbcenter\u00bb align_phone=\u00bb\u00bb align_last_edited=\u00bbon|desktop\u00bb _builder_version=\u00bb4.3.4&#8243; transform_scale=\u00bb130%|130%\u00bb module_alignment=\u00bbcenter\u00bb custom_margin=\u00bb27px||||false|false\u00bb locked=\u00bboff\u00bb][\/et_pb_image][\/et_pb_column][et_pb_column type=\u00bb1_4&#8243; _builder_version=\u00bb3.25&#8243; custom_padding=\u00bb|||\u00bb custom_padding__hover=\u00bb|||\u00bb][et_pb_image src=\u00bbhttps:\/\/mkom.es\/wp-content\/uploads\/2020\/09\/movistar2-2.jpg\u00bb show_bottom_space=\u00bboff\u00bb align_tablet=\u00bbcenter\u00bb align_phone=\u00bb\u00bb align_last_edited=\u00bbon|desktop\u00bb _builder_version=\u00bb4.3.4&#8243; custom_margin=\u00bb0px||||false|false\u00bb hover_enabled=\u00bb0&#8243; locked=\u00bboff\u00bb transform_scale=\u00bb70%|70%\u00bb][\/et_pb_image][\/et_pb_column][\/et_pb_row][et_pb_row column_structure=\u00bb1_4,1_4,1_4,1_4&#8243; make_equal=\u00bbon\u00bb _builder_version=\u00bb4.3.4&#8243; module_alignment=\u00bbcenter\u00bb][et_pb_column type=\u00bb1_4&#8243; _builder_version=\u00bb3.25&#8243; custom_padding=\u00bb|||\u00bb custom_padding__hover=\u00bb|||\u00bb][et_pb_image src=\u00bbhttps:\/\/mkom.es\/wp-content\/uploads\/2020\/09\/ericsson-1.jpg\u00bb align_tablet=\u00bbcenter\u00bb align_phone=\u00bb\u00bb align_last_edited=\u00bbon|desktop\u00bb _builder_version=\u00bb4.3.4&#8243; custom_margin=\u00bb-20px||||false|false\u00bb][\/et_pb_image][\/et_pb_column][et_pb_column type=\u00bb1_4&#8243; _builder_version=\u00bb3.25&#8243; custom_padding=\u00bb|||\u00bb custom_padding__hover=\u00bb|||\u00bb][et_pb_image src=\u00bbhttps:\/\/mkom.es\/wp-content\/uploads\/2020\/09\/cellnex-1.jpg\u00bb align_tablet=\u00bbcenter\u00bb align_phone=\u00bb\u00bb align_last_edited=\u00bbon|desktop\u00bb _builder_version=\u00bb4.3.4&#8243; custom_margin=\u00bb-16px||||false|false\u00bb locked=\u00bboff\u00bb][\/et_pb_image][\/et_pb_column][et_pb_column type=\u00bb1_4&#8243; _builder_version=\u00bb3.25&#8243; custom_padding=\u00bb|||\u00bb custom_padding__hover=\u00bb|||\u00bb][et_pb_image src=\u00bbhttps:\/\/mkom.es\/wp-content\/uploads\/2020\/09\/zte_logo_en-2.png\u00bb align_tablet=\u00bbcenter\u00bb align_phone=\u00bb\u00bb align_last_edited=\u00bbon|desktop\u00bb _builder_version=\u00bb4.3.4&#8243; custom_margin=\u00bb17px||||false|false\u00bb locked=\u00bboff\u00bb][\/et_pb_image][\/et_pb_column][et_pb_column type=\u00bb1_4&#8243; _builder_version=\u00bb3.25&#8243; custom_padding=\u00bb|||\u00bb custom_padding__hover=\u00bb|||\u00bb][et_pb_image src=\u00bbhttps:\/\/mkom.es\/wp-content\/uploads\/2020\/09\/insyte-1.png\u00bb show_bottom_space=\u00bboff\u00bb align_tablet=\u00bbcenter\u00bb align_phone=\u00bb\u00bb align_last_edited=\u00bbon|desktop\u00bb _builder_version=\u00bb4.3.4&#8243; custom_margin=\u00bb0px||||false|false\u00bb locked=\u00bboff\u00bb][\/et_pb_image][\/et_pb_column][\/et_pb_row][\/et_pb_section]<\/p>\n","protected":false},"excerpt":{"rendered":"<p>[et_pb_section fb_built=\u00bb1&#8243; admin_label=\u00bbHeader\u00bb _builder_version=\u00bb4.0.6&#8243; background_color=\u00bb#f7f7f7&#8243; use_background_color_gradient=\u00bbon\u00bb background_color_gradient_start=\u00bb#f7f7f7&#8243; background_color_gradient_end=\u00bb#ffffff\u00bb background_color_gradient_direction=\u00bb90deg\u00bb background_color_gradient_start_position=\u00bb66%\u00bb background_color_gradient_end_position=\u00bb0%\u00bb custom_margin=\u00bb|||||\u00bb custom_padding=\u00bb||0px|||\u00bb background_last_edited=\u00bbon|tablet\u00bb use_background_color_gradient_tablet=\u00bbon\u00bb background_color_gradient_start_position_tablet=\u00bb100%\u00bb][et_pb_row use_custom_gutter=\u00bbon\u00bb gutter_width=\u00bb1&#8243; _builder_version=\u00bb4.0.6&#8243; width=\u00bb100%\u00bb max_width=\u00bb2560px\u00bb custom_margin=\u00bb-79px||||false|false\u00bb][et_pb_column type=\u00bb4_4&#8243; _builder_version=\u00bb4.0.6&#8243;][et_pb_slider use_bg_overlay=\u00bboff\u00bb use_text_overlay=\u00bbon\u00bb _builder_version=\u00bb4.0.6&#8243; header_text_color=\u00bb#ffffff\u00bb background_enable_image=\u00bboff\u00bb custom_button=\u00bbon\u00bb button_border_width=\u00bb0px\u00bb button_use_icon=\u00bboff\u00bb auto=\u00bbon\u00bb auto_ignore_hover=\u00bbon\u00bb header_text_shadow_style=\u00bbpreset2&#8243; header_text_shadow_color=\u00bb#0c71c3&#8243;][et_pb_slide heading=\u00bbCableado estructurado\u00bb _builder_version=\u00bb4.0.6&#8243; header_level=\u00bbh1&#8243; header_font=\u00bb|700|||||||\u00bb header_text_color=\u00bb#ffffff\u00bb body_font=\u00bb|700|||||||\u00bb body_text_color=\u00bb#ffffff\u00bb background_image=\u00bbhttps:\/\/mkom.es\/wp-content\/uploads\/2020\/02\/network-cables-499792_1920-1.jpg\u00bb background_enable_image=\u00bbon\u00bb header_text_shadow_style=\u00bbpreset2&#8243; header_text_shadow_color=\u00bb#0c71c3&#8243;] Despliegue e implantaci\u00f3n de redes ethernet [\/et_pb_slide][\/et_pb_slider][dsm_perspective_image [&hellip;]<\/p>\n","protected":false},"author":1,"featured_media":0,"parent":0,"menu_order":0,"comment_status":"closed","ping_status":"closed","template":"","meta":{"_et_pb_use_builder":"on","_et_pb_old_content":"","_et_gb_content_width":"","footnotes":""},"class_list":["post-110","page","type-page","status-publish","hentry"],"_links":{"self":[{"href":"https:\/\/mkom.es\/index.php?rest_route=\/wp\/v2\/pages\/110","targetHints":{"allow":["GET"]}}],"collection":[{"href":"https:\/\/mkom.es\/index.php?rest_route=\/wp\/v2\/pages"}],"about":[{"href":"https:\/\/mkom.es\/index.php?rest_route=\/wp\/v2\/types\/page"}],"author":[{"embeddable":true,"href":"https:\/\/mkom.es\/index.php?rest_route=\/wp\/v2\/users\/1"}],"replies":[{"embeddable":true,"href":"https:\/\/mkom.es\/index.php?rest_route=%2Fwp%2Fv2%2Fcomments&post=110"}],"version-history":[{"count":0,"href":"https:\/\/mkom.es\/index.php?rest_route=\/wp\/v2\/pages\/110\/revisions"}],"wp:attachment":[{"href":"https:\/\/mkom.es\/index.php?rest_route=%2Fwp%2Fv2%2Fmedia&parent=110"}],"curies":[{"name":"wp","href":"https:\/\/api.w.org\/{rel}","templated":true}]}}