{"id":84,"date":"2020-02-23T19:51:47","date_gmt":"2020-02-23T19:51:47","guid":{"rendered":"http:\/\/185.156.219.5\/~ra30119\/?page_id=84"},"modified":"2020-02-23T19:51:47","modified_gmt":"2020-02-23T19:51:47","slug":"sin-titulo","status":"publish","type":"page","link":"https:\/\/mkom.es\/?page_id=84","title":{"rendered":"Fibra"},"content":{"rendered":"<p>[et_pb_section fb_built=\u00bb1&#8243; admin_label=\u00bbHeader\u00bb _builder_version=\u00bb3.23.3&#8243; background_color=\u00bb#f7f7f7&#8243; use_background_color_gradient=\u00bbon\u00bb background_color_gradient_start=\u00bb#f7f7f7&#8243; background_color_gradient_end=\u00bb#ffffff\u00bb background_color_gradient_direction=\u00bb90deg\u00bb background_color_gradient_start_position=\u00bb66%\u00bb background_color_gradient_end_position=\u00bb0%\u00bb custom_margin=\u00bb|||||\u00bb custom_padding=\u00bb||0px|||\u00bb background_last_edited=\u00bbon|tablet\u00bb use_background_color_gradient_tablet=\u00bbon\u00bb background_color_gradient_start_position_tablet=\u00bb100%\u00bb][et_pb_row use_custom_gutter=\u00bbon\u00bb gutter_width=\u00bb1&#8243; _builder_version=\u00bb4.0.6&#8243; width=\u00bb100%\u00bb max_width=\u00bb2560px\u00bb custom_margin=\u00bb-79px||||false|false\u00bb][et_pb_column type=\u00bb4_4&#8243; _builder_version=\u00bb4.0.6&#8243;][et_pb_slider use_bg_overlay=\u00bboff\u00bb use_text_overlay=\u00bbon\u00bb _builder_version=\u00bb4.0.6&#8243; header_text_color=\u00bb#ffffff\u00bb background_image=\u00bbhttps:\/\/mkom.es\/wp-content\/uploads\/2020\/02\/sunset-5545_1920-1.jpg\u00bb custom_button=\u00bbon\u00bb button_border_width=\u00bb0px\u00bb button_use_icon=\u00bboff\u00bb auto=\u00bbon\u00bb auto_ignore_hover=\u00bbon\u00bb header_text_shadow_style=\u00bbpreset2&#8243; header_text_shadow_color=\u00bb#0c71c3&#8243;][et_pb_slide heading=\u00bbFibra \u00f3ptica\u00bb _builder_version=\u00bb4.0.6&#8243; header_level=\u00bbh1&#8243; header_font=\u00bb|700|||||||\u00bb header_text_color=\u00bb#ffffff\u00bb body_font=\u00bb|700|||||||\u00bb body_text_color=\u00bb#ffffff\u00bb background_image=\u00bbhttps:\/\/mkom.es\/wp-content\/uploads\/2020\/02\/fiber-3821957_1920-1.jpg\u00bb background_enable_image=\u00bbon\u00bb header_text_shadow_style=\u00bbpreset2&#8243; header_text_shadow_color=\u00bb#8300e9&#8243;]<\/p>\n<p><span>Despliegue y mantenimiento de redes FTTx<\/span><\/p>\n<p>[\/et_pb_slide][\/et_pb_slider][dsm_perspective_image _builder_version=\u00bb4.0.6&#8243;][\/dsm_perspective_image][\/et_pb_column][\/et_pb_row][et_pb_row column_structure=\u00bb2_5,3_5&#8243; use_custom_gutter=\u00bbon\u00bb custom_padding_last_edited=\u00bbon|desktop\u00bb _builder_version=\u00bb4.0.6&#8243; background_color=\u00bb#ffffff\u00bb width=\u00bb100%\u00bb max_width=\u00bb1919px\u00bb custom_margin=\u00bb|||||false\u00bb custom_padding=\u00bb|48px|56px|48px||true\u00bb custom_padding_tablet=\u00bb\u00bb custom_padding_phone=\u00bb|30px||30px||true\u00bb box_shadow_style=\u00bbpreset1&#8243; box_shadow_vertical=\u00bb34px\u00bb box_shadow_blur=\u00bb60px\u00bb box_shadow_spread=\u00bb-34px\u00bb box_shadow_color=\u00bbrgba(0,0,0,0.24)\u00bb][et_pb_column type=\u00bb2_5&#8243; _builder_version=\u00bb3.25&#8243; custom_padding=\u00bb|||\u00bb custom_padding__hover=\u00bb|||\u00bb][et_pb_blurb title=\u00bbFibra\u00bb image=\u00bbhttps:\/\/mkom.es\/wp-content\/uploads\/2020\/02\/fibericon-1.png\u00bb _builder_version=\u00bb4.0.6&#8243; header_font=\u00bb||||||||\u00bb header_text_color=\u00bb#0c71c3&#8243; header_line_height=\u00bb1.8em\u00bb body_font=\u00bb||||||||\u00bb body_line_height=\u00bb1.8em\u00bb text_orientation=\u00bbcenter\u00bb body_font_size_tablet=\u00bb\u00bb body_font_size_phone=\u00bb14px\u00bb body_font_size_last_edited=\u00bbon|desktop\u00bb header_text_shadow_style=\u00bbpreset2&#8243; header_text_shadow_color=\u00bb#000000&#8243;]<\/p>\n<p><span>Servicios de Acceso a Red Fija xDSL, FTTx, HFC (Ingenier\u00eda, Construcci\u00f3n, Instalaci\u00f3n Red &amp; Instalaci\u00f3n Cliente y Mantenimiento Integral)<\/span><\/p>\n<p>[\/et_pb_blurb][\/et_pb_column][et_pb_column type=\u00bb3_5&#8243; _builder_version=\u00bb4.0.6&#8243;][et_pb_blurb title=\u00bbFTTH\u00bb content_max_width=\u00bb536px\u00bb _builder_version=\u00bb4.0.6&#8243; header_font=\u00bb||||||||\u00bb header_text_color=\u00bb#0c71c3&#8243; header_line_height=\u00bb1.8em\u00bb body_font=\u00bb||||||||\u00bb body_line_height=\u00bb1.8em\u00bb text_orientation=\u00bbcenter\u00bb body_font_size_tablet=\u00bb\u00bb body_font_size_phone=\u00bb14px\u00bb body_font_size_last_edited=\u00bbon|desktop\u00bb header_text_shadow_style=\u00bbpreset2&#8243; header_text_shadow_color=\u00bb#000000&#8243;]<\/p>\n<p><span><\/span><\/p>\n<p><span><\/span><\/p>\n<p><span><\/span><\/p>\n<p><span><\/span><\/p>\n<p><span><\/span><\/p>\n<p><span>Prestamos servicios de Instalaci\u00f3n y Mantenimiento de Clientes para todos los operadores de \u00e1mbito nacional (Vodafone, Orante, Telef\u00f3nica, M\u00e1sM\u00f3vil, Yoigo o Pepephone) y para los principales operadores de cable (Euskaltel y Telecable). Contamos con la tecnolog\u00eda m\u00e1s moderna para la prestaci\u00f3n de dichos servicios, entre otras, m\u00e1quinas de fusionar, medidores \u00f3pticos, medidores de se\u00f1ales digitales QAM y\/o se\u00f1ales anal\u00f3gicas NTSC, etc.<\/span><\/p>\n<p>[\/et_pb_blurb][\/et_pb_column][\/et_pb_row][\/et_pb_section][et_pb_section fb_built=\u00bb1&#8243; admin_label=\u00bbGallery\u00bb _builder_version=\u00bb3.23.3&#8243; background_image=\u00bbhttps:\/\/mkom.es\/wp-content\/uploads\/2020\/02\/green-energy-25-1.png\u00bb background_size=\u00bbinitial\u00bb background_last_edited=\u00bbon|desktop\u00bb background_position_tablet=\u00bbtop_center\u00bb][et_pb_row column_structure=\u00bb2_5,3_5&#8243; _builder_version=\u00bb4.0.6&#8243; custom_padding=\u00bb||||false\u00bb][et_pb_column type=\u00bb2_5&#8243; _builder_version=\u00bb3.25&#8243; custom_padding=\u00bb|||\u00bb custom_padding__hover=\u00bb|||\u00bb][et_pb_text _builder_version=\u00bb4.0.6&#8243; text_font_size=\u00bb16px\u00bb text_line_height=\u00bb1.8em\u00bb header_font=\u00bb||||||||\u00bb header_2_font=\u00bb||||||||\u00bb custom_margin=\u00bb||\u00bb locked=\u00bboff\u00bb]<\/p>\n<p style=\"text-align: center;\"><span>Nuestra experiencia adquirida en el desarrollo de redes troncales de comunicaciones fijas nos ha situado en una posici\u00f3n privilegiada impulsando el avance tecnol\u00f3gico de las redes de fibra \u00f3ptica de banca ancha hasta el hogar (FTTH: Fiber To The Home, Fibra Hasta el Hogar) y el despliegue de las mismas.<\/span><\/p>\n<p>[\/et_pb_text][\/et_pb_column][et_pb_column type=\u00bb3_5&#8243; _builder_version=\u00bb3.25&#8243; custom_padding=\u00bb|||\u00bb custom_padding__hover=\u00bb|||\u00bb][et_pb_image src=\u00bbhttps:\/\/mkom.es\/wp-content\/uploads\/2020\/02\/fiber-optic-cable-502894_1920-1.jpg\u00bb align_tablet=\u00bbcenter\u00bb align_last_edited=\u00bboff|desktop\u00bb _builder_version=\u00bb4.0.6&#8243; max_width_tablet=\u00bb400px\u00bb max_width_phone=\u00bb\u00bb max_width_last_edited=\u00bbon|desktop\u00bb custom_margin=\u00bb||\u00bb box_shadow_style=\u00bbpreset3&#8243; box_shadow_horizontal=\u00bb45px\u00bb box_shadow_vertical=\u00bb60px\u00bb box_shadow_blur=\u00bb150px\u00bb box_shadow_spread=\u00bb-15px\u00bb box_shadow_color=\u00bbrgba(0,0,0,0.74)\u00bb locked=\u00bboff\u00bb][\/et_pb_image][\/et_pb_column][\/et_pb_row][\/et_pb_section][et_pb_section fb_built=\u00bb1&#8243; admin_label=\u00bbGallery\u00bb _builder_version=\u00bb4.0.6&#8243; background_enable_image=\u00bboff\u00bb background_size=\u00bbinitial\u00bb background_last_edited=\u00bbon|desktop\u00bb background_position_tablet=\u00bbtop_center\u00bb][et_pb_row column_structure=\u00bb1_3,2_3&#8243; _builder_version=\u00bb4.0.6&#8243; custom_padding=\u00bb||||false\u00bb][et_pb_column type=\u00bb1_3&#8243; _builder_version=\u00bb3.25&#8243; custom_padding=\u00bb|||\u00bb custom_padding__hover=\u00bb|||\u00bb][et_pb_image src=\u00bbhttps:\/\/mkom.es\/wp-content\/uploads\/2020\/02\/fiber3-1.jpg\u00bb align_tablet=\u00bbcenter\u00bb align_last_edited=\u00bboff|desktop\u00bb _builder_version=\u00bb4.0.6&#8243; max_width_tablet=\u00bb400px\u00bb max_width_phone=\u00bb\u00bb max_width_last_edited=\u00bbon|desktop\u00bb custom_margin=\u00bb||\u00bb box_shadow_style=\u00bbpreset3&#8243; box_shadow_horizontal=\u00bb45px\u00bb box_shadow_vertical=\u00bb60px\u00bb box_shadow_blur=\u00bb150px\u00bb box_shadow_spread=\u00bb-15px\u00bb box_shadow_color=\u00bbrgba(0,0,0,0.74)\u00bb locked=\u00bboff\u00bb][\/et_pb_image][\/et_pb_column][et_pb_column type=\u00bb2_3&#8243; _builder_version=\u00bb4.0.6&#8243;][et_pb_text _builder_version=\u00bb4.0.6&#8243; text_font_size=\u00bb16px\u00bb text_line_height=\u00bb1.8em\u00bb header_font=\u00bb||||||||\u00bb header_2_font=\u00bb||||||||\u00bb custom_margin=\u00bb||\u00bb locked=\u00bboff\u00bb]<\/p>\n<p style=\"text-align: center;\"><span>Nuestra cualificaci\u00f3n y nuestra capacidad operativa junto al conocimiento de las necesidades y medios t\u00e9cnicos disponibles nos han permitido contribuir a la implantaci\u00f3n de esta nueva tecnolog\u00eda en las principales operadoras espa\u00f1olas: Vodafone, Telef\u00f3nica, Orange, Jazztel y Masm\u00f3vil.<\/span><\/p>\n<p>[\/et_pb_text][\/et_pb_column][\/et_pb_row][\/et_pb_section][et_pb_section fb_built=\u00bb1&#8243; admin_label=\u00bbCall Out\u00bb _builder_version=\u00bb3.23.3&#8243; background_color=\u00bb#f2f2f2&#8243; custom_padding=\u00bb0px||0px|||\u00bb][et_pb_row _builder_version=\u00bb3.25&#8243; custom_padding=\u00bb0px||0px|||\u00bb][et_pb_column type=\u00bb4_4&#8243; _builder_version=\u00bb3.25&#8243; custom_padding=\u00bb|||\u00bb custom_padding__hover=\u00bb|||\u00bb][dsm_typing_effect typing_effect=\u00bbConf\u00edan en nosotros\u00bb typing_loop=\u00bboff\u00bb _builder_version=\u00bb4.0.6&#8243; header_text_align=\u00bbcenter\u00bb header_text_shadow_style=\u00bbpreset2&#8243; header_text_shadow_color=\u00bb#0c71c3&#8243;][\/dsm_typing_effect][\/et_pb_column][\/et_pb_row][\/et_pb_section][et_pb_section fb_built=\u00bb1&#8243; admin_label=\u00bbBlog\u00bb _builder_version=\u00bb3.22.7&#8243; locked=\u00bboff\u00bb][et_pb_row column_structure=\u00bb1_4,1_4,1_4,1_4&#8243; _builder_version=\u00bb3.25&#8243;][et_pb_column type=\u00bb1_4&#8243; _builder_version=\u00bb3.25&#8243; custom_padding=\u00bb|||\u00bb custom_padding__hover=\u00bb|||\u00bb][et_pb_image src=\u00bbhttps:\/\/mkom.es\/wp-content\/uploads\/2020\/09\/orange-2.png\u00bb align_tablet=\u00bbcenter\u00bb align_phone=\u00bb\u00bb align_last_edited=\u00bbon|desktop\u00bb _builder_version=\u00bb4.3.4&#8243; transform_scale=\u00bb94%|94%\u00bb locked=\u00bboff\u00bb][\/et_pb_image][\/et_pb_column][et_pb_column type=\u00bb1_4&#8243; _builder_version=\u00bb3.25&#8243; custom_padding=\u00bb|||\u00bb custom_padding__hover=\u00bb|||\u00bb][et_pb_image src=\u00bbhttps:\/\/mkom.es\/wp-content\/uploads\/2020\/09\/vodafone-1.png\u00bb align_tablet=\u00bbcenter\u00bb align_phone=\u00bb\u00bb align_last_edited=\u00bbon|desktop\u00bb _builder_version=\u00bb4.3.4&#8243; transform_scale=\u00bb102%|102%\u00bb transform_translate=\u00bb-11px|20px\u00bb][\/et_pb_image][\/et_pb_column][et_pb_column type=\u00bb1_4&#8243; _builder_version=\u00bb3.25&#8243; custom_padding=\u00bb|||\u00bb custom_padding__hover=\u00bb|||\u00bb][et_pb_image src=\u00bbhttps:\/\/mkom.es\/wp-content\/uploads\/2020\/09\/masmovil-1.png\u00bb align_tablet=\u00bbcenter\u00bb align_phone=\u00bb\u00bb align_last_edited=\u00bbon|desktop\u00bb _builder_version=\u00bb4.3.4&#8243; transform_scale=\u00bb130%|130%\u00bb module_alignment=\u00bbcenter\u00bb custom_margin=\u00bb27px||||false|false\u00bb locked=\u00bboff\u00bb][\/et_pb_image][\/et_pb_column][et_pb_column type=\u00bb1_4&#8243; _builder_version=\u00bb3.25&#8243; custom_padding=\u00bb|||\u00bb custom_padding__hover=\u00bb|||\u00bb][et_pb_image src=\u00bbhttps:\/\/mkom.es\/wp-content\/uploads\/2020\/09\/movistar2-2.jpg\u00bb show_bottom_space=\u00bboff\u00bb align_tablet=\u00bbcenter\u00bb align_phone=\u00bb\u00bb align_last_edited=\u00bbon|desktop\u00bb _builder_version=\u00bb4.3.4&#8243; custom_margin=\u00bb0px||||false|false\u00bb hover_enabled=\u00bb0&#8243; locked=\u00bboff\u00bb transform_scale=\u00bb70%|70%\u00bb][\/et_pb_image][\/et_pb_column][\/et_pb_row][et_pb_row column_structure=\u00bb1_4,1_4,1_4,1_4&#8243; make_equal=\u00bbon\u00bb _builder_version=\u00bb4.3.4&#8243; module_alignment=\u00bbcenter\u00bb][et_pb_column type=\u00bb1_4&#8243; _builder_version=\u00bb3.25&#8243; custom_padding=\u00bb|||\u00bb custom_padding__hover=\u00bb|||\u00bb][et_pb_image src=\u00bbhttps:\/\/mkom.es\/wp-content\/uploads\/2020\/09\/ericsson-1.jpg\u00bb align_tablet=\u00bbcenter\u00bb align_phone=\u00bb\u00bb align_last_edited=\u00bbon|desktop\u00bb _builder_version=\u00bb4.3.4&#8243; custom_margin=\u00bb-20px||||false|false\u00bb][\/et_pb_image][\/et_pb_column][et_pb_column type=\u00bb1_4&#8243; _builder_version=\u00bb3.25&#8243; custom_padding=\u00bb|||\u00bb custom_padding__hover=\u00bb|||\u00bb][et_pb_image src=\u00bbhttps:\/\/mkom.es\/wp-content\/uploads\/2020\/09\/cellnex-1.jpg\u00bb align_tablet=\u00bbcenter\u00bb align_phone=\u00bb\u00bb align_last_edited=\u00bbon|desktop\u00bb _builder_version=\u00bb4.3.4&#8243; custom_margin=\u00bb-16px||||false|false\u00bb locked=\u00bboff\u00bb][\/et_pb_image][\/et_pb_column][et_pb_column type=\u00bb1_4&#8243; _builder_version=\u00bb3.25&#8243; custom_padding=\u00bb|||\u00bb custom_padding__hover=\u00bb|||\u00bb][et_pb_image src=\u00bbhttps:\/\/mkom.es\/wp-content\/uploads\/2020\/09\/zte_logo_en-2.png\u00bb align_tablet=\u00bbcenter\u00bb align_phone=\u00bb\u00bb align_last_edited=\u00bbon|desktop\u00bb _builder_version=\u00bb4.3.4&#8243; custom_margin=\u00bb17px||||false|false\u00bb locked=\u00bboff\u00bb][\/et_pb_image][\/et_pb_column][et_pb_column type=\u00bb1_4&#8243; _builder_version=\u00bb3.25&#8243; custom_padding=\u00bb|||\u00bb custom_padding__hover=\u00bb|||\u00bb][et_pb_image src=\u00bbhttps:\/\/mkom.es\/wp-content\/uploads\/2020\/09\/insyte-1.png\u00bb show_bottom_space=\u00bboff\u00bb align_tablet=\u00bbcenter\u00bb align_phone=\u00bb\u00bb align_last_edited=\u00bbon|desktop\u00bb _builder_version=\u00bb4.3.4&#8243; custom_margin=\u00bb0px||||false|false\u00bb locked=\u00bboff\u00bb][\/et_pb_image][\/et_pb_column][\/et_pb_row][\/et_pb_section]<\/p>\n","protected":false},"excerpt":{"rendered":"<p>[et_pb_section fb_built=\u00bb1&#8243; admin_label=\u00bbHeader\u00bb _builder_version=\u00bb3.23.3&#8243; background_color=\u00bb#f7f7f7&#8243; use_background_color_gradient=\u00bbon\u00bb background_color_gradient_start=\u00bb#f7f7f7&#8243; background_color_gradient_end=\u00bb#ffffff\u00bb background_color_gradient_direction=\u00bb90deg\u00bb background_color_gradient_start_position=\u00bb66%\u00bb background_color_gradient_end_position=\u00bb0%\u00bb custom_margin=\u00bb|||||\u00bb custom_padding=\u00bb||0px|||\u00bb background_last_edited=\u00bbon|tablet\u00bb use_background_color_gradient_tablet=\u00bbon\u00bb background_color_gradient_start_position_tablet=\u00bb100%\u00bb][et_pb_row use_custom_gutter=\u00bbon\u00bb gutter_width=\u00bb1&#8243; _builder_version=\u00bb4.0.6&#8243; width=\u00bb100%\u00bb max_width=\u00bb2560px\u00bb custom_margin=\u00bb-79px||||false|false\u00bb][et_pb_column type=\u00bb4_4&#8243; _builder_version=\u00bb4.0.6&#8243;][et_pb_slider use_bg_overlay=\u00bboff\u00bb use_text_overlay=\u00bbon\u00bb _builder_version=\u00bb4.0.6&#8243; header_text_color=\u00bb#ffffff\u00bb background_image=\u00bbhttps:\/\/mkom.es\/wp-content\/uploads\/2020\/02\/sunset-5545_1920-1.jpg\u00bb custom_button=\u00bbon\u00bb button_border_width=\u00bb0px\u00bb button_use_icon=\u00bboff\u00bb auto=\u00bbon\u00bb auto_ignore_hover=\u00bbon\u00bb header_text_shadow_style=\u00bbpreset2&#8243; header_text_shadow_color=\u00bb#0c71c3&#8243;][et_pb_slide heading=\u00bbFibra \u00f3ptica\u00bb _builder_version=\u00bb4.0.6&#8243; header_level=\u00bbh1&#8243; header_font=\u00bb|700|||||||\u00bb header_text_color=\u00bb#ffffff\u00bb body_font=\u00bb|700|||||||\u00bb body_text_color=\u00bb#ffffff\u00bb background_image=\u00bbhttps:\/\/mkom.es\/wp-content\/uploads\/2020\/02\/fiber-3821957_1920-1.jpg\u00bb background_enable_image=\u00bbon\u00bb header_text_shadow_style=\u00bbpreset2&#8243; header_text_shadow_color=\u00bb#8300e9&#8243;] Despliegue y mantenimiento de redes FTTx [\/et_pb_slide][\/et_pb_slider][dsm_perspective_image [&hellip;]<\/p>\n","protected":false},"author":1,"featured_media":0,"parent":0,"menu_order":0,"comment_status":"closed","ping_status":"closed","template":"","meta":{"_et_pb_use_builder":"on","_et_pb_old_content":"","_et_gb_content_width":"","footnotes":""},"class_list":["post-84","page","type-page","status-publish","hentry"],"_links":{"self":[{"href":"https:\/\/mkom.es\/index.php?rest_route=\/wp\/v2\/pages\/84","targetHints":{"allow":["GET"]}}],"collection":[{"href":"https:\/\/mkom.es\/index.php?rest_route=\/wp\/v2\/pages"}],"about":[{"href":"https:\/\/mkom.es\/index.php?rest_route=\/wp\/v2\/types\/page"}],"author":[{"embeddable":true,"href":"https:\/\/mkom.es\/index.php?rest_route=\/wp\/v2\/users\/1"}],"replies":[{"embeddable":true,"href":"https:\/\/mkom.es\/index.php?rest_route=%2Fwp%2Fv2%2Fcomments&post=84"}],"version-history":[{"count":0,"href":"https:\/\/mkom.es\/index.php?rest_route=\/wp\/v2\/pages\/84\/revisions"}],"wp:attachment":[{"href":"https:\/\/mkom.es\/index.php?rest_route=%2Fwp%2Fv2%2Fmedia&parent=84"}],"curies":[{"name":"wp","href":"https:\/\/api.w.org\/{rel}","templated":true}]}}